{"id":9,"date":"2013-06-06T09:24:16","date_gmt":"2013-06-06T09:24:16","guid":{"rendered":"https:\/\/blogs.dlapiper.com\/regulatory-ita\/?page_id=9"},"modified":"2019-10-24T14:53:20","modified_gmt":"2019-10-24T14:53:20","slug":"about-us","status":"publish","type":"page","link":"https:\/\/blogs.dlapiper.com\/regulatory-ita\/about-us\/","title":{"rendered":"Chi siamo"},"content":{"rendered":"<p>Sviluppo e Territorio \u00e8 il blog curato dai professionisti del Dipartimento Real Estate dello Studio legale internazionale DLA Piper.<\/p>\n<p><strong>Il dipartimento Real Estate <\/strong>\u00e8 in grado di offrire soluzioni legali a 360\u00b0 per i suoi clienti. Il team assiste sviluppatori, investitori, asset managers nazionali e internazionali operanti nel mercato italiano nella strutturazione di operazioni di acquisto, gestione, locazione e dismissione di portafogli immobiliari di diverse asset class tra i quali uffici, immobili commerciali, residenziali, industriali o turistico-alberghieri.<\/p>\n<p>Il dipartimento segue tutti gli aspetti delle operazioni immobiliari, inclusi quelli della strutturazione, gli aspetti urbanistici, di costruzione, finanziari e fiscali. Il team fornisce assistenza in operazioni immobiliari quali compravendite, cessioni societarie o apporti in fondi immobiliari, sia in operazioni relative a singoli immobili, sia in operazioni che coinvolgono interi portafogli.<\/p>\n<p>Il team ha acquisito una particolare expertise nel diritto urbanistico, grazie anche a specifiche esperienze nelle trattative con gli enti locali inclusa l&#8217;impostazione dei procedimenti amministrativi per l&#8217;approvazione dei progetti immobiliari di riqualificazione e sviluppo, dal rilascio delle autorizzazioni commerciali alla formazione dei titoli edilizi. I professionisti prestano assistenza anche nei settori del social housing e della valorizzazione del patrimonio immobiliare pubblico, anche attraverso i fondi di investimento.<\/p>\n<p>Infine, il team si occupa di tutti gli aspetti legati alla tutela dell\u2019ambiente, quali gestione dei rifiuti, bonifiche dei siti contaminati, VIA e VAS, autorizzazioni e permessi ambientali, scarichi, emissioni in atmosfera, amianto e sostanze pericolose. Apporta valore aggiunto nella gestione delle operazioni immobiliari, in specie di sviluppo e nella risoluzione delle problematiche che interessano le grandi realt\u00e0 industriali.<\/p>\n<table style=\"width: 100%;\" border=\"0\" cellspacing=\"2\" cellpadding=\"2\" align=\"left\">\n<tbody>\n<tr style=\"background-color: #E0E0E0; border-width: 0px; border-color: #fff;\">\n<td>DLA Piper \u00e8 uno studio legale internazionale presente in oltre 30 Paesi nei 5 continenti. I nostri professionisti sono in grado di soddisfare qualsiasi necessit\u00e0 di assistenza legale dei clienti, in ogni parte del mondo.<\/p>\n<p>Siamo tutti impegnati ad essere lo studio legale leader a livello globale, garantendo eccellenza e innovazione ai nostri clienti attraverso soluzioni legali pratiche e creative, che li aiutino in modo decisivo a raggiungere il successo.<\/p>\n<p>Grazie all&#8217;approccio basato su team multidisciplinari garantiamo un livello omogeneo di servizi in tutte le aree di specializzazione e i settori industriali in cui operiamo.<\/p>\n<p><strong>DLA PIPER IN ITALIA<\/strong><\/p>\n<p>Lo Studio conta oltre 180 professionisti distribuiti nelle sedi di Milano e Roma. Il team, che comprende avvocati italiani e stranieri attivi da molti anni nel nostro Paese, gestisce, per qualit\u00e0 e dimensione, i progetti pi\u00f9 complessi e quelli con le pi\u00f9 spiccate caratteristiche di internazionalit\u00e0.<\/p>\n<p>Il nostro approccio multidisciplinare assicura soluzioni rapide ed efficaci in una prospettiva integrata che tiene conto delle necessit\u00e0 legali dei clienti e del contesto giuridico in cui questi operano.<\/p>\n<p>Grazie alla conoscenza approfondita del business dei clienti, l&#8217;offerta di servizi dello Studio si caratterizza a seconda dei settori industriali in cui gli stessi operano. Il focus sui settori industriali e la nostra esperienza ci permettono di fornire servizi di prima classe ai clienti in relazione ai loro investimenti e ogni genere di transazione, sia a livello locale sia a livello internazionale. La qualit\u00e0 dei servizi \u00e8 senza rivali anche in virt\u00f9 del contributo che i nostri professionisti sono in grado di dare allo sviluppo della migliore strategia di business dei clienti.<\/p>\n<p>Tutto risente positivamente dello scambio regolare di know-how tra i professionisti e della collaborazione costante tra team dei diversi dipartimenti.<\/p>\n<p><strong>Dipartimenti<\/strong><\/p>\n<ul>\n<li>Corporate<\/li>\n<li>Employment<\/li>\n<li>Finance &amp; Projects<\/li>\n<li>Intellectual Property and Technology<\/li>\n<li>Litigation and Regulatory<\/li>\n<li>Real Estate<\/li>\n<li>Tax<\/li>\n<\/ul>\n<p><strong>Settori industriali<\/strong><\/p>\n<ul>\n<li>Energy<\/li>\n<li>Fashion, Retail &amp; Design<\/li>\n<li>Financial Services<\/li>\n<li>Insurance<\/li>\n<li>Life Sciences, Health &amp; Social Care<\/li>\n<li>Media, Sports &amp; Entertainment<\/li>\n<li>Private client<\/li>\n<li>Real Estate<\/li>\n<li>Technology<\/li>\n<\/ul>\n<\/td>\n<\/tr>\n<\/tbody>\n<\/table>\n","protected":false},"excerpt":{"rendered":"<p>Sviluppo e Territorio \u00e8 il blog curato dai professionisti del Dipartimento Real Estate dello Studio legale internazionale DLA Piper. Il dipartimento Real Estate \u00e8 in grado di offrire soluzioni legali a 360\u00b0 per i suoi clienti. Il team assiste sviluppatori, investitori, asset managers nazionali e internazionali operanti nel mercato italiano nella strutturazione di operazioni di [&hellip;]<\/p>\n","protected":false},"author":1,"featured_media":0,"parent":0,"menu_order":0,"comment_status":"closed","ping_status":"open","template":"","meta":{"_s2mail":"yes","site-sidebar-layout":"default","site-content-layout":"default","ast-site-content-layout":"default","site-content-style":"default","site-sidebar-style":"default","ast-global-header-display":"","ast-banner-title-visibility":"","ast-main-header-display":"disabled","ast-hfb-above-header-display":"","ast-hfb-below-header-display":"","ast-hfb-mobile-header-display":"","site-post-title":"disabled","ast-breadcrumbs-content":"","ast-featured-img":"","footer-sml-layout":"","theme-transparent-header-meta":"default","adv-header-id-meta":"","stick-header-meta":"","header-above-stick-meta":"","header-main-stick-meta":"","header-below-stick-meta":"","astra-migrate-meta-layouts":"default","ast-page-background-enabled":"default","ast-page-background-meta":{"desktop":{"background-color":"","background-image":"","background-repeat":"repeat","background-position":"center center","background-size":"auto","background-attachment":"scroll","background-type":"","background-media":"","overlay-type":"","overlay-color":"","overlay-opacity":"","overlay-gradient":""},"tablet":{"background-color":"","background-image":"","background-repeat":"repeat","background-position":"center center","background-size":"auto","background-attachment":"scroll","background-type":"","background-media":"","overlay-type":"","overlay-color":"","overlay-opacity":"","overlay-gradient":""},"mobile":{"background-color":"","background-image":"","background-repeat":"repeat","background-position":"center center","background-size":"auto","background-attachment":"scroll","background-type":"","background-media":"","overlay-type":"","overlay-color":"","overlay-opacity":"","overlay-gradient":""}},"ast-content-background-meta":{"desktop":{"background-color":"var(--ast-global-color-5)","background-image":"","background-repeat":"repeat","background-position":"center center","background-size":"auto","background-attachment":"scroll","background-type":"","background-media":"","overlay-type":"","overlay-color":"","overlay-opacity":"","overlay-gradient":""},"tablet":{"background-color":"var(--ast-global-color-5)","background-image":"","background-repeat":"repeat","background-position":"center center","background-size":"auto","background-attachment":"scroll","background-type":"","background-media":"","overlay-type":"","overlay-color":"","overlay-opacity":"","overlay-gradient":""},"mobile":{"background-color":"var(--ast-global-color-5)","background-image":"","background-repeat":"repeat","background-position":"center center","background-size":"auto","background-attachment":"scroll","background-type":"","background-media":"","overlay-type":"","overlay-color":"","overlay-opacity":"","overlay-gradient":""}},"footnotes":""},"class_list":["post-9","page","type-page","status-publish","hentry"],"_links":{"self":[{"href":"https:\/\/blogs.dlapiper.com\/regulatory-ita\/wp-json\/wp\/v2\/pages\/9","targetHints":{"allow":["GET"]}}],"collection":[{"href":"https:\/\/blogs.dlapiper.com\/regulatory-ita\/wp-json\/wp\/v2\/pages"}],"about":[{"href":"https:\/\/blogs.dlapiper.com\/regulatory-ita\/wp-json\/wp\/v2\/types\/page"}],"author":[{"embeddable":true,"href":"https:\/\/blogs.dlapiper.com\/regulatory-ita\/wp-json\/wp\/v2\/users\/1"}],"replies":[{"embeddable":true,"href":"https:\/\/blogs.dlapiper.com\/regulatory-ita\/wp-json\/wp\/v2\/comments?post=9"}],"version-history":[{"count":0,"href":"https:\/\/blogs.dlapiper.com\/regulatory-ita\/wp-json\/wp\/v2\/pages\/9\/revisions"}],"wp:attachment":[{"href":"https:\/\/blogs.dlapiper.com\/regulatory-ita\/wp-json\/wp\/v2\/media?parent=9"}],"curies":[{"name":"wp","href":"https:\/\/api.w.org\/{rel}","templated":true}]}}